{"id":1148,"date":"2026-04-12T23:42:50","date_gmt":"2026-04-13T03:42:50","guid":{"rendered":"https:\/\/musicofcuracao.com\/?page_id=1148"},"modified":"2026-04-12T23:47:37","modified_gmt":"2026-04-13T03:47:37","slug":"thomas-helena","status":"publish","type":"page","link":"https:\/\/musicofcuracao.com\/index.php\/thomas-helena\/","title":{"rendered":"Thomas Helena"},"content":{"rendered":"\t\t<div data-elementor-type=\"wp-page\" data-elementor-id=\"1148\" class=\"elementor elementor-1148\" data-elementor-post-type=\"page\">\n\t\t\t\t\t\t<section data-particle_enable=\"false\" data-particle-mobile-disabled=\"false\" class=\"elementor-section elementor-top-section elementor-element elementor-element-4008a1e elementor-section-boxed elementor-section-height-default elementor-section-height-default\" data-id=\"4008a1e\" data-element_type=\"section\" data-e-type=\"section\">\n\t\t\t\t\t\t<div class=\"elementor-container elementor-column-gap-default\">\n\t\t\t\t\t<div class=\"elementor-column elementor-col-100 elementor-top-column elementor-element elementor-element-e7a613c\" data-id=\"e7a613c\" data-element_type=\"column\" data-e-type=\"column\">\n\t\t\t<div class=\"elementor-widget-wrap\">\n\t\t\t\t\t\t\t<\/div>\n\t\t<\/div>\n\t\t\t\t\t<\/div>\n\t\t<\/section>\n\t\t\t\t<section data-particle_enable=\"false\" data-particle-mobile-disabled=\"false\" class=\"elementor-section elementor-top-section elementor-element elementor-element-b828b42 elementor-section-boxed elementor-section-height-default elementor-section-height-default\" data-id=\"b828b42\" data-element_type=\"section\" data-e-type=\"section\" data-settings=\"{&quot;background_background&quot;:&quot;classic&quot;}\">\n\t\t\t\t\t\t<div class=\"elementor-container elementor-column-gap-default\">\n\t\t\t\t\t<div class=\"elementor-column elementor-col-100 elementor-top-column elementor-element elementor-element-57e2dfb\" data-id=\"57e2dfb\" data-element_type=\"column\" data-e-type=\"column\">\n\t\t\t<div class=\"elementor-widget-wrap elementor-element-populated\">\n\t\t\t\t\t\t<div class=\"elementor-element elementor-element-929a10f elementor-widget elementor-widget-heading\" data-id=\"929a10f\" data-element_type=\"widget\" data-e-type=\"widget\" data-widget_type=\"heading.default\">\n\t\t\t\t<div class=\"elementor-widget-container\">\n\t\t\t\t\t<h2 class=\"elementor-heading-title elementor-size-default\">Thomas Helena<\/h2>\t\t\t\t<\/div>\n\t\t\t\t<\/div>\n\t\t\t\t\t<\/div>\n\t\t<\/div>\n\t\t\t\t\t<\/div>\n\t\t<\/section>\n\t\t\t\t<section data-particle_enable=\"false\" data-particle-mobile-disabled=\"false\" class=\"elementor-section elementor-top-section elementor-element elementor-element-423c0f0 elementor-section-boxed elementor-section-height-default elementor-section-height-default\" data-id=\"423c0f0\" data-element_type=\"section\" data-e-type=\"section\">\n\t\t\t\t\t\t<div class=\"elementor-container elementor-column-gap-default\">\n\t\t\t\t\t<div class=\"elementor-column elementor-col-100 elementor-top-column elementor-element elementor-element-811859d\" data-id=\"811859d\" data-element_type=\"column\" data-e-type=\"column\">\n\t\t\t<div class=\"elementor-widget-wrap elementor-element-populated\">\n\t\t\t\t\t\t<section data-particle_enable=\"false\" data-particle-mobile-disabled=\"false\" class=\"elementor-section elementor-inner-section elementor-element elementor-element-c1565d9 elementor-section-boxed elementor-section-height-default elementor-section-height-default\" data-id=\"c1565d9\" data-element_type=\"section\" data-e-type=\"section\">\n\t\t\t\t\t\t<div class=\"elementor-container elementor-column-gap-default\">\n\t\t\t\t\t<div class=\"elementor-column elementor-col-50 elementor-inner-column elementor-element elementor-element-4df086a\" data-id=\"4df086a\" data-element_type=\"column\" data-e-type=\"column\">\n\t\t\t<div class=\"elementor-widget-wrap elementor-element-populated\">\n\t\t\t\t\t\t<div class=\"elementor-element elementor-element-88dad3b elementor-widget elementor-widget-spacer\" data-id=\"88dad3b\" data-element_type=\"widget\" data-e-type=\"widget\" data-widget_type=\"spacer.default\">\n\t\t\t\t<div class=\"elementor-widget-container\">\n\t\t\t\t\t\t\t<div class=\"elementor-spacer\">\n\t\t\t<div class=\"elementor-spacer-inner\"><\/div>\n\t\t<\/div>\n\t\t\t\t\t\t<\/div>\n\t\t\t\t<\/div>\n\t\t\t\t<div class=\"elementor-element elementor-element-2d606d4 elementor-widget__width-initial elementor-widget elementor-widget-text-editor\" data-id=\"2d606d4\" data-element_type=\"widget\" data-e-type=\"widget\" data-widget_type=\"text-editor.default\">\n\t\t\t\t<div class=\"elementor-widget-container\">\n\t\t\t\t\t\t\t\t\t<h4 data-start=\"128\" data-end=\"200\">Thomas Helena (<b>Thomas di Enriki Zegu (Enriki Steba) or, as some called him, Thomas di Dol\u00f3<\/b>)<\/h4><h4 data-start=\"128\" data-end=\"200\"><strong data-start=\"132\" data-end=\"198\">\u00a0\u2013a <i>bar\u00ed <\/i>(drum) player during the era of <a href=\"https:\/\/musicofcuracao.com\/index.php\/shon-cola\/\">Shon Col\u00e1<\/a>.<\/strong><\/h4><p class=\"p2\">Thomas and Gustaf Doran (known as Ta di Djudju) were the two <i>bar\u00ed <\/i>players who performed the longest with Shon Kol\u00e1.<\/p><p class=\"p2\">Thomas was born on September 18, 1920, in the neighborhood of <b>Zegu<\/b>. He lived on Kaya Fin R\u00f6mer in Mahuma until he passed away on September 12, 1994. Thomas came from a family deeply rooted in <i>Tamb\u00fa <\/i>culture. His mother, Mrs. Dolores (Dol\u00f3), was a renowned <i>Tamb\u00fa <\/i>singer, and his father, Enriki di Zegu, was the &#8220;king of Tamb\u00fa&#8221; in the Zegu neighborhood.<\/p>\t\t\t\t\t\t\t\t<\/div>\n\t\t\t\t<\/div>\n\t\t\t\t\t<\/div>\n\t\t<\/div>\n\t\t\t\t<div class=\"elementor-column elementor-col-50 elementor-inner-column elementor-element elementor-element-b5b8947\" data-id=\"b5b8947\" data-element_type=\"column\" data-e-type=\"column\">\n\t\t\t<div class=\"elementor-widget-wrap elementor-element-populated\">\n\t\t\t\t\t\t<div class=\"elementor-element elementor-element-bfb891f elementor-widget elementor-widget-image\" data-id=\"bfb891f\" data-element_type=\"widget\" data-e-type=\"widget\" data-widget_type=\"image.default\">\n\t\t\t\t<div class=\"elementor-widget-container\">\n\t\t\t\t\t\t\t\t\t\t\t\t\t\t\t<img decoding=\"async\" src=\"https:\/\/musicofcuracao.com\/wp-content\/plugins\/elementor\/assets\/images\/placeholder.png\" title=\"\" alt=\"\" loading=\"lazy\" \/>\t\t\t\t\t\t\t\t\t\t\t\t\t\t\t<\/div>\n\t\t\t\t<\/div>\n\t\t\t\t<div class=\"elementor-element elementor-element-f1e4536 elementor-widget elementor-widget-text-editor\" data-id=\"f1e4536\" data-element_type=\"widget\" data-e-type=\"widget\" data-widget_type=\"text-editor.default\">\n\t\t\t\t<div class=\"elementor-widget-container\">\n\t\t\t\t\t\t\t\t\t<p class=\"p2\">Thomas\u2019s sister and brother, Ana and Andres Helen, were also great <i>Tamb\u00fa <\/i>singers. He also had two sisters on his father&#8217;s side; Nicolina and Ogenia Kirindongo. Nicolina was also a great Tambu singer, and used to organize a lot of Tambu Le Le Toni, and Thomas used to play for her. Thomas himself mastered the art of playing the <i>bar\u00ed <\/i>and played the <i>chapi <\/i>(metal hoe blade) as well.<\/p><p class=\"p2\">From a young age, Thomas played with his siblings at family gatherings. He grew up in the Zegu neighborhood alongside fellow <i>bar\u00ed <\/i>player <b>Ta di Djudju <\/b>(Gustaf Doran).<\/p>\t\t\t\t\t\t\t\t<\/div>\n\t\t\t\t<\/div>\n\t\t\t\t\t<\/div>\n\t\t<\/div>\n\t\t\t\t\t<\/div>\n\t\t<\/section>\n\t\t\t\t<div class=\"elementor-element elementor-element-ab0f975 elementor-widget-divider--view-line elementor-widget elementor-widget-divider\" data-id=\"ab0f975\" data-element_type=\"widget\" data-e-type=\"widget\" data-widget_type=\"divider.default\">\n\t\t\t\t<div class=\"elementor-widget-container\">\n\t\t\t\t\t\t\t<div class=\"elementor-divider\">\n\t\t\t<span class=\"elementor-divider-separator\">\n\t\t\t\t\t\t<\/span>\n\t\t<\/div>\n\t\t\t\t\t\t<\/div>\n\t\t\t\t<\/div>\n\t\t\t\t\t<\/div>\n\t\t<\/div>\n\t\t\t\t\t<\/div>\n\t\t<\/section>\n\t\t\t\t<section data-particle_enable=\"false\" data-particle-mobile-disabled=\"false\" class=\"elementor-section elementor-top-section elementor-element elementor-element-3a68878 elementor-section-boxed elementor-section-height-default elementor-section-height-default\" data-id=\"3a68878\" data-element_type=\"section\" data-e-type=\"section\">\n\t\t\t\t\t\t<div class=\"elementor-container elementor-column-gap-default\">\n\t\t\t\t\t<div class=\"elementor-column elementor-col-50 elementor-top-column elementor-element elementor-element-e06d61e\" data-id=\"e06d61e\" data-element_type=\"column\" data-e-type=\"column\">\n\t\t\t<div class=\"elementor-widget-wrap elementor-element-populated\">\n\t\t\t\t\t\t<div class=\"elementor-element elementor-element-3030172 elementor-widget elementor-widget-video\" data-id=\"3030172\" data-element_type=\"widget\" data-e-type=\"widget\" data-settings=\"{&quot;youtube_url&quot;:&quot;https:\\\/\\\/youtu.be\\\/LnragLcU6f0&quot;,&quot;video_type&quot;:&quot;youtube&quot;,&quot;controls&quot;:&quot;yes&quot;}\" data-widget_type=\"video.default\">\n\t\t\t\t<div class=\"elementor-widget-container\">\n\t\t\t\t\t\t\t<div class=\"elementor-wrapper elementor-open-inline\">\n\t\t\t<div class=\"elementor-video\"><\/div>\t\t<\/div>\n\t\t\t\t\t\t<\/div>\n\t\t\t\t<\/div>\n\t\t\t\t<div class=\"elementor-element elementor-element-8e27056 elementor-widget elementor-widget-text-editor\" data-id=\"8e27056\" data-element_type=\"widget\" data-e-type=\"widget\" data-widget_type=\"text-editor.default\">\n\t\t\t\t<div class=\"elementor-widget-container\">\n\t\t\t\t\t\t\t\t\t<p class=\"p2\">The two were close friends and great musicians, but each had his own unique &#8220;hand&#8221; (playing style). They never mixed their styles; each maintained his own distinct technique.<\/p><p class=\"p2\">Ta di Djudju used to play for Shon Kol\u00e1. One day, Ta invited Thomas to play alongside him for Shon Kol\u00e1. That is how Thomas joined Shon Kol\u00e1\u2019s group; at the time, Thomas was about 20 years old. Thomas\u2019s sister, Ana Helena, also joined the group. She was a talented <i>responded\u00f3 <\/i>(backing singer) for Shon Kol\u00e1. After the two siblings joined Shon Kol\u00e1\u2019s ensemble, they stopped their custom of traveling around Cura\u00e7ao on the back of trucks to play <i>tamb\u00fa <\/i>on their own. As members of the group, they performed and sang wherever the group went across the island.<\/p>\t\t\t\t\t\t\t\t<\/div>\n\t\t\t\t<\/div>\n\t\t\t\t\t<\/div>\n\t\t<\/div>\n\t\t\t\t<div class=\"elementor-column elementor-col-50 elementor-top-column elementor-element elementor-element-72f522d\" data-id=\"72f522d\" data-element_type=\"column\" data-e-type=\"column\">\n\t\t\t<div class=\"elementor-widget-wrap elementor-element-populated\">\n\t\t\t\t\t\t<div class=\"elementor-element elementor-element-e3f56b8 elementor-widget elementor-widget-text-editor\" data-id=\"e3f56b8\" data-element_type=\"widget\" data-e-type=\"widget\" data-widget_type=\"text-editor.default\">\n\t\t\t\t<div class=\"elementor-widget-container\">\n\t\t\t\t\t\t\t\t\t<p class=\"p2\"><a href=\"https:\/\/musicofcuracao.com\/index.php\/shon-cola\/\">Shon Col\u00e1<\/a>\u2019s group eventually performed in <b>Puerto Rico<\/b>. The people there believed that Thomas and Ta must have had a battery or a motor hidden in their pockets or hands. According to them, it was impossible to produce so much sound from a single <i>bar\u00ed<\/i>. In most areas of Puerto Rico they visited, drums were played with sticks. According to Thomas, he had never heard of any young player who could equal the skill of Ta di Djudju.<\/p><p class=\"p2\">On one occasion when Ta was ill, Thomas filled in for him. That day, Thomas played at a <i>Tamb\u00fa <\/i>event at Chimi Wacao in Bandabou. He played from <b>8:00 PM until 6:00 AM<\/b>. Thomas received a very substantial sum of money as a direct tip (<i>na boka<\/i>). The amount was <b>575 guilders<\/b>, given to him in 10 and 50 guilder banknotes.<\/p><p class=\"p2\">In the old days, only two <i>chapi <\/i>were used\u2014one on each side of the <i>bar\u00ed <\/i>player. Back when Julio Doma (Julio Grandi) played the <i>chapi<\/i>, he performed alone.<\/p>\t\t\t\t\t\t\t\t<\/div>\n\t\t\t\t<\/div>\n\t\t\t\t\t<\/div>\n\t\t<\/div>\n\t\t\t\t\t<\/div>\n\t\t<\/section>\n\t\t\t\t<\/div>\n\t\t","protected":false},"excerpt":{"rendered":"<p>Thomas Helena Thomas Helena (Thomas di Enriki Zegu (Enriki Steba) or, as some called him, Thomas di Dol\u00f3) \u00a0\u2013a bar\u00ed (drum) player during the era of Shon Col\u00e1. Thomas and Gustaf Doran (known as Ta di Djudju) were the two bar\u00ed players who performed the longest with Shon Kol\u00e1. Thomas was born on September 18, [&hellip;]<\/p>\n","protected":false},"author":1,"featured_media":0,"parent":0,"menu_order":0,"comment_status":"closed","ping_status":"closed","template":"elementor_header_footer","meta":{"footnotes":""},"class_list":["post-1148","page","type-page","status-publish","hentry"],"_links":{"self":[{"href":"https:\/\/musicofcuracao.com\/index.php\/wp-json\/wp\/v2\/pages\/1148","targetHints":{"allow":["GET"]}}],"collection":[{"href":"https:\/\/musicofcuracao.com\/index.php\/wp-json\/wp\/v2\/pages"}],"about":[{"href":"https:\/\/musicofcuracao.com\/index.php\/wp-json\/wp\/v2\/types\/page"}],"author":[{"embeddable":true,"href":"https:\/\/musicofcuracao.com\/index.php\/wp-json\/wp\/v2\/users\/1"}],"replies":[{"embeddable":true,"href":"https:\/\/musicofcuracao.com\/index.php\/wp-json\/wp\/v2\/comments?post=1148"}],"version-history":[{"count":4,"href":"https:\/\/musicofcuracao.com\/index.php\/wp-json\/wp\/v2\/pages\/1148\/revisions"}],"predecessor-version":[{"id":1152,"href":"https:\/\/musicofcuracao.com\/index.php\/wp-json\/wp\/v2\/pages\/1148\/revisions\/1152"}],"wp:attachment":[{"href":"https:\/\/musicofcuracao.com\/index.php\/wp-json\/wp\/v2\/media?parent=1148"}],"curies":[{"name":"wp","href":"https:\/\/api.w.org\/{rel}","templated":true}]}}