{"id":1122,"date":"2026-04-12T23:16:07","date_gmt":"2026-04-13T03:16:07","guid":{"rendered":"https:\/\/musicofcuracao.com\/?page_id=1122"},"modified":"2026-04-12T23:19:56","modified_gmt":"2026-04-13T03:19:56","slug":"maria-isenia","status":"publish","type":"page","link":"https:\/\/musicofcuracao.com\/index.php\/maria-isenia\/","title":{"rendered":"Maria Isenia"},"content":{"rendered":"\t\t<div data-elementor-type=\"wp-page\" data-elementor-id=\"1122\" class=\"elementor elementor-1122\" data-elementor-post-type=\"page\">\n\t\t\t\t\t\t<section data-particle_enable=\"false\" data-particle-mobile-disabled=\"false\" class=\"elementor-section elementor-top-section elementor-element elementor-element-4008a1e elementor-section-boxed elementor-section-height-default elementor-section-height-default\" data-id=\"4008a1e\" data-element_type=\"section\" data-e-type=\"section\">\n\t\t\t\t\t\t<div class=\"elementor-container elementor-column-gap-default\">\n\t\t\t\t\t<div class=\"elementor-column elementor-col-100 elementor-top-column elementor-element elementor-element-e7a613c\" data-id=\"e7a613c\" data-element_type=\"column\" data-e-type=\"column\">\n\t\t\t<div class=\"elementor-widget-wrap\">\n\t\t\t\t\t\t\t<\/div>\n\t\t<\/div>\n\t\t\t\t\t<\/div>\n\t\t<\/section>\n\t\t\t\t<section data-particle_enable=\"false\" data-particle-mobile-disabled=\"false\" class=\"elementor-section elementor-top-section elementor-element elementor-element-b828b42 elementor-section-boxed elementor-section-height-default elementor-section-height-default\" data-id=\"b828b42\" data-element_type=\"section\" data-e-type=\"section\" data-settings=\"{&quot;background_background&quot;:&quot;classic&quot;}\">\n\t\t\t\t\t\t<div class=\"elementor-container elementor-column-gap-default\">\n\t\t\t\t\t<div class=\"elementor-column elementor-col-100 elementor-top-column elementor-element elementor-element-57e2dfb\" data-id=\"57e2dfb\" data-element_type=\"column\" data-e-type=\"column\">\n\t\t\t<div class=\"elementor-widget-wrap elementor-element-populated\">\n\t\t\t\t\t\t<div class=\"elementor-element elementor-element-929a10f elementor-widget elementor-widget-heading\" data-id=\"929a10f\" data-element_type=\"widget\" data-e-type=\"widget\" data-widget_type=\"heading.default\">\n\t\t\t\t<div class=\"elementor-widget-container\">\n\t\t\t\t\t<h2 class=\"elementor-heading-title elementor-size-default\">Maria Isenia<\/h2>\t\t\t\t<\/div>\n\t\t\t\t<\/div>\n\t\t\t\t\t<\/div>\n\t\t<\/div>\n\t\t\t\t\t<\/div>\n\t\t<\/section>\n\t\t\t\t<section data-particle_enable=\"false\" data-particle-mobile-disabled=\"false\" class=\"elementor-section elementor-top-section elementor-element elementor-element-423c0f0 elementor-section-boxed elementor-section-height-default elementor-section-height-default\" data-id=\"423c0f0\" data-element_type=\"section\" data-e-type=\"section\">\n\t\t\t\t\t\t<div class=\"elementor-container elementor-column-gap-default\">\n\t\t\t\t\t<div class=\"elementor-column elementor-col-100 elementor-top-column elementor-element elementor-element-811859d\" data-id=\"811859d\" data-element_type=\"column\" data-e-type=\"column\">\n\t\t\t<div class=\"elementor-widget-wrap elementor-element-populated\">\n\t\t\t\t\t\t<section data-particle_enable=\"false\" data-particle-mobile-disabled=\"false\" class=\"elementor-section elementor-inner-section elementor-element elementor-element-c1565d9 elementor-section-boxed elementor-section-height-default elementor-section-height-default\" data-id=\"c1565d9\" data-element_type=\"section\" data-e-type=\"section\">\n\t\t\t\t\t\t<div class=\"elementor-container elementor-column-gap-default\">\n\t\t\t\t\t<div class=\"elementor-column elementor-col-50 elementor-inner-column elementor-element elementor-element-4df086a\" data-id=\"4df086a\" data-element_type=\"column\" data-e-type=\"column\">\n\t\t\t<div class=\"elementor-widget-wrap elementor-element-populated\">\n\t\t\t\t\t\t<div class=\"elementor-element elementor-element-88dad3b elementor-widget elementor-widget-spacer\" data-id=\"88dad3b\" data-element_type=\"widget\" data-e-type=\"widget\" data-widget_type=\"spacer.default\">\n\t\t\t\t<div class=\"elementor-widget-container\">\n\t\t\t\t\t\t\t<div class=\"elementor-spacer\">\n\t\t\t<div class=\"elementor-spacer-inner\"><\/div>\n\t\t<\/div>\n\t\t\t\t\t\t<\/div>\n\t\t\t\t<\/div>\n\t\t\t\t<div class=\"elementor-element elementor-element-2d606d4 elementor-widget__width-initial elementor-widget elementor-widget-text-editor\" data-id=\"2d606d4\" data-element_type=\"widget\" data-e-type=\"widget\" data-widget_type=\"text-editor.default\">\n\t\t\t\t<div class=\"elementor-widget-container\">\n\t\t\t\t\t\t\t\t\t<p class=\"p2\"><b>Maria Isenia (Bea Kalukrei) <\/b><\/p><h4 data-start=\"128\" data-end=\"200\"><strong data-start=\"132\" data-end=\"198\">\u00a0\u2013Maria Isenia, affectionately known as Bea Kalukrei, was a star singer who lived and worked in Punda.<\/strong><\/h4><p class=\"p2\">She was a master of words and earned a lot of money through her singing (likely referring to tips or payment for her performances).<\/p><p class=\"p2\">Bea, along with Ana L\u00f2l\u00f2, Anita Abrik\u00f3, Shon Minta Kor\u00e1, Betorin, Resmonda, and others, dominated Tamb\u00fa singing in the first half of this century. She inspired many singers, one of whom was her successor, the talented Shon Kol\u00e1. Bea impressed Shon Kol\u00e1 so much that he started attending every tamb\u00fa where she sang. From there, he began to respond to her songs.<\/p><p class=\"p2\">Experience has shown that responding to songs is an excellent school for learning to sing, provided one has sufficient talent and dedication.<\/p><p class=\"p2\" style=\"margin-right: 0px; margin-bottom: 0px; margin-left: 0px; font-variant-numeric: normal; font-variant-east-asian: normal; font-variant-alternates: normal; font-size-adjust: none; font-language-override: normal; font-kerning: auto; font-optical-sizing: auto; font-feature-settings: normal; font-variation-settings: normal; font-variant-position: normal; font-variant-emoji: normal; font-stretch: normal; font-size: 20.5px; line-height: normal; font-family: Arial; color: #25211f;\">\u00a0<\/p>\t\t\t\t\t\t\t\t<\/div>\n\t\t\t\t<\/div>\n\t\t\t\t\t<\/div>\n\t\t<\/div>\n\t\t\t\t<div class=\"elementor-column elementor-col-50 elementor-inner-column elementor-element elementor-element-b5b8947\" data-id=\"b5b8947\" data-element_type=\"column\" data-e-type=\"column\">\n\t\t\t<div class=\"elementor-widget-wrap elementor-element-populated\">\n\t\t\t\t\t\t<div class=\"elementor-element elementor-element-bfb891f elementor-widget elementor-widget-image\" data-id=\"bfb891f\" data-element_type=\"widget\" data-e-type=\"widget\" data-widget_type=\"image.default\">\n\t\t\t\t<div class=\"elementor-widget-container\">\n\t\t\t\t\t\t\t\t\t\t\t\t\t\t\t<img decoding=\"async\" src=\"https:\/\/musicofcuracao.com\/wp-content\/plugins\/elementor\/assets\/images\/placeholder.png\" title=\"\" alt=\"\" loading=\"lazy\" \/>\t\t\t\t\t\t\t\t\t\t\t\t\t\t\t<\/div>\n\t\t\t\t<\/div>\n\t\t\t\t<div class=\"elementor-element elementor-element-f1e4536 elementor-widget elementor-widget-text-editor\" data-id=\"f1e4536\" data-element_type=\"widget\" data-e-type=\"widget\" data-widget_type=\"text-editor.default\">\n\t\t\t\t<div class=\"elementor-widget-container\">\n\t\t\t\t\t\t\t\t\t<p class=\"p2\"><b>Bea Kalukrei: Shon Kol\u00e1&#8217;s Mentor in Tamb\u00fa <\/b><\/p><p class=\"p2\">As previously noted, in the past, particularly in the first half of the 20th century, <b>tamb\u00fa singers were predominantly women<\/b>. While most of these great singers from Punda, Banda Riba, and Banda &#8216;Bou have passed away, <b>Bea Kalukrei <\/b>stands out as one of the most prominent.<\/p><p class=\"p2\"><b><a href=\"https:\/\/musicofcuracao.com\/index.php\/shon-cola\/\">Shon Col\u00e1<\/a> considers Bea as his teacher<\/b>, not because she formally taught him to sing, but because he gained most of his experience by observing and performing with her. Shon Kol\u00e1&#8217;s tamb\u00fa experience primarily comes from Punda, specifically Hanch&#8217;i Punda.<\/p><p class=\"p2\">\u00a0<\/p>\t\t\t\t\t\t\t\t<\/div>\n\t\t\t\t<\/div>\n\t\t\t\t\t<\/div>\n\t\t<\/div>\n\t\t\t\t\t<\/div>\n\t\t<\/section>\n\t\t\t\t<div class=\"elementor-element elementor-element-ab0f975 elementor-widget-divider--view-line elementor-widget elementor-widget-divider\" data-id=\"ab0f975\" data-element_type=\"widget\" data-e-type=\"widget\" data-widget_type=\"divider.default\">\n\t\t\t\t<div class=\"elementor-widget-container\">\n\t\t\t\t\t\t\t<div class=\"elementor-divider\">\n\t\t\t<span class=\"elementor-divider-separator\">\n\t\t\t\t\t\t<\/span>\n\t\t<\/div>\n\t\t\t\t\t\t<\/div>\n\t\t\t\t<\/div>\n\t\t\t\t\t<\/div>\n\t\t<\/div>\n\t\t\t\t\t<\/div>\n\t\t<\/section>\n\t\t\t\t<section data-particle_enable=\"false\" data-particle-mobile-disabled=\"false\" class=\"elementor-section elementor-top-section elementor-element elementor-element-3a68878 elementor-section-boxed elementor-section-height-default elementor-section-height-default\" data-id=\"3a68878\" data-element_type=\"section\" data-e-type=\"section\">\n\t\t\t\t\t\t<div class=\"elementor-container elementor-column-gap-default\">\n\t\t\t\t\t<div class=\"elementor-column elementor-col-50 elementor-top-column elementor-element elementor-element-e06d61e\" data-id=\"e06d61e\" data-element_type=\"column\" data-e-type=\"column\">\n\t\t\t<div class=\"elementor-widget-wrap elementor-element-populated\">\n\t\t\t\t\t\t<div class=\"elementor-element elementor-element-3030172 elementor-widget elementor-widget-video\" data-id=\"3030172\" data-element_type=\"widget\" data-e-type=\"widget\" data-settings=\"{&quot;youtube_url&quot;:&quot;https:\\\/\\\/youtu.be\\\/LnragLcU6f0&quot;,&quot;video_type&quot;:&quot;youtube&quot;,&quot;controls&quot;:&quot;yes&quot;}\" data-widget_type=\"video.default\">\n\t\t\t\t<div class=\"elementor-widget-container\">\n\t\t\t\t\t\t\t<div class=\"elementor-wrapper elementor-open-inline\">\n\t\t\t<div class=\"elementor-video\"><\/div>\t\t<\/div>\n\t\t\t\t\t\t<\/div>\n\t\t\t\t<\/div>\n\t\t\t\t\t<\/div>\n\t\t<\/div>\n\t\t\t\t<div class=\"elementor-column elementor-col-50 elementor-top-column elementor-element elementor-element-72f522d\" data-id=\"72f522d\" data-element_type=\"column\" data-e-type=\"column\">\n\t\t\t<div class=\"elementor-widget-wrap elementor-element-populated\">\n\t\t\t\t\t\t<div class=\"elementor-element elementor-element-e3f56b8 elementor-widget elementor-widget-text-editor\" data-id=\"e3f56b8\" data-element_type=\"widget\" data-e-type=\"widget\" data-widget_type=\"text-editor.default\">\n\t\t\t\t<div class=\"elementor-widget-container\">\n\t\t\t\t\t\t\t\t\t<p class=\"p2\">Shon Kol\u00e1 first met and admired Bea when he was 15, at a tamb\u00fa event in Duminguitu on a Sunday. The following Monday, while Shon Kol\u00e1 was working a carpentry job at Casa Bernardo, he opened a back door and came face-to-face with Bea in Hanchi Bientu.<\/p><p class=\"p2\">Bea asked him, &#8220;My child, I think I saw you somewhere yesterday.&#8221; Shon Kol\u00e1 replied, &#8220;Yes, I saw you yesterday at the tamb\u00fa in Duminguitu.&#8221;<\/p><p class=\"p2\">From that moment on, the two became inseparable in their musical pursuits. Initially, Shon Kol\u00e1 would respond to Bea&#8217;s songs wherever she sang, which allowed him to gain considerable experience. Later, Bea began to respond to Shon Kol\u00e1&#8217;s songs.<\/p><p class=\"p2\">Shon Kol\u00e1 and Bea Kalukrei also <b>recorded together<\/b>. Bea recorded &#8220;Waya den kur\u00e1&#8221; under the <b>HOYCO label <\/b>at 78 speed. Afterward, she recorded &#8220;Mi Ropa.&#8221;<\/p>\t\t\t\t\t\t\t\t<\/div>\n\t\t\t\t<\/div>\n\t\t\t\t\t<\/div>\n\t\t<\/div>\n\t\t\t\t\t<\/div>\n\t\t<\/section>\n\t\t\t\t<\/div>\n\t\t","protected":false},"excerpt":{"rendered":"<p>Maria Isenia Maria Isenia (Bea Kalukrei) \u00a0\u2013Maria Isenia, affectionately known as Bea Kalukrei, was a star singer who lived and worked in Punda. She was a master of words and earned a lot of money through her singing (likely referring to tips or payment for her performances). Bea, along with Ana L\u00f2l\u00f2, Anita Abrik\u00f3, Shon [&hellip;]<\/p>\n","protected":false},"author":1,"featured_media":0,"parent":0,"menu_order":0,"comment_status":"closed","ping_status":"closed","template":"elementor_header_footer","meta":{"footnotes":""},"class_list":["post-1122","page","type-page","status-publish","hentry"],"_links":{"self":[{"href":"https:\/\/musicofcuracao.com\/index.php\/wp-json\/wp\/v2\/pages\/1122","targetHints":{"allow":["GET"]}}],"collection":[{"href":"https:\/\/musicofcuracao.com\/index.php\/wp-json\/wp\/v2\/pages"}],"about":[{"href":"https:\/\/musicofcuracao.com\/index.php\/wp-json\/wp\/v2\/types\/page"}],"author":[{"embeddable":true,"href":"https:\/\/musicofcuracao.com\/index.php\/wp-json\/wp\/v2\/users\/1"}],"replies":[{"embeddable":true,"href":"https:\/\/musicofcuracao.com\/index.php\/wp-json\/wp\/v2\/comments?post=1122"}],"version-history":[{"count":4,"href":"https:\/\/musicofcuracao.com\/index.php\/wp-json\/wp\/v2\/pages\/1122\/revisions"}],"predecessor-version":[{"id":1126,"href":"https:\/\/musicofcuracao.com\/index.php\/wp-json\/wp\/v2\/pages\/1122\/revisions\/1126"}],"wp:attachment":[{"href":"https:\/\/musicofcuracao.com\/index.php\/wp-json\/wp\/v2\/media?parent=1122"}],"curies":[{"name":"wp","href":"https:\/\/api.w.org\/{rel}","templated":true}]}}