{"id":1017,"date":"2025-10-29T14:20:28","date_gmt":"2025-10-29T18:20:28","guid":{"rendered":"https:\/\/musicofcuracao.com\/?page_id=1017"},"modified":"2025-10-29T14:21:48","modified_gmt":"2025-10-29T18:21:48","slug":"shon-cola","status":"publish","type":"page","link":"https:\/\/musicofcuracao.com\/index.php\/shon-cola\/","title":{"rendered":"Shon Cola"},"content":{"rendered":"\t\t<div data-elementor-type=\"wp-page\" data-elementor-id=\"1017\" class=\"elementor elementor-1017\" data-elementor-post-type=\"page\">\n\t\t\t\t\t\t<section data-particle_enable=\"false\" data-particle-mobile-disabled=\"false\" class=\"elementor-section elementor-top-section elementor-element elementor-element-4008a1e elementor-section-boxed elementor-section-height-default elementor-section-height-default\" data-id=\"4008a1e\" data-element_type=\"section\" data-e-type=\"section\">\n\t\t\t\t\t\t<div class=\"elementor-container elementor-column-gap-default\">\n\t\t\t\t\t<div class=\"elementor-column elementor-col-100 elementor-top-column elementor-element elementor-element-e7a613c\" data-id=\"e7a613c\" data-element_type=\"column\" data-e-type=\"column\">\n\t\t\t<div class=\"elementor-widget-wrap\">\n\t\t\t\t\t\t\t<\/div>\n\t\t<\/div>\n\t\t\t\t\t<\/div>\n\t\t<\/section>\n\t\t\t\t<section data-particle_enable=\"false\" data-particle-mobile-disabled=\"false\" class=\"elementor-section elementor-top-section elementor-element elementor-element-b828b42 elementor-section-boxed elementor-section-height-default elementor-section-height-default\" data-id=\"b828b42\" data-element_type=\"section\" data-e-type=\"section\" data-settings=\"{&quot;background_background&quot;:&quot;classic&quot;}\">\n\t\t\t\t\t\t<div class=\"elementor-container elementor-column-gap-default\">\n\t\t\t\t\t<div class=\"elementor-column elementor-col-100 elementor-top-column elementor-element elementor-element-57e2dfb\" data-id=\"57e2dfb\" data-element_type=\"column\" data-e-type=\"column\">\n\t\t\t<div class=\"elementor-widget-wrap elementor-element-populated\">\n\t\t\t\t\t\t<div class=\"elementor-element elementor-element-929a10f elementor-widget elementor-widget-heading\" data-id=\"929a10f\" data-element_type=\"widget\" data-e-type=\"widget\" data-widget_type=\"heading.default\">\n\t\t\t\t<div class=\"elementor-widget-container\">\n\t\t\t\t\t<h2 class=\"elementor-heading-title elementor-size-default\">Shon Cola<\/h2>\t\t\t\t<\/div>\n\t\t\t\t<\/div>\n\t\t\t\t\t<\/div>\n\t\t<\/div>\n\t\t\t\t\t<\/div>\n\t\t<\/section>\n\t\t\t\t<section data-particle_enable=\"false\" data-particle-mobile-disabled=\"false\" class=\"elementor-section elementor-top-section elementor-element elementor-element-423c0f0 elementor-section-boxed elementor-section-height-default elementor-section-height-default\" data-id=\"423c0f0\" data-element_type=\"section\" data-e-type=\"section\">\n\t\t\t\t\t\t<div class=\"elementor-container elementor-column-gap-default\">\n\t\t\t\t\t<div class=\"elementor-column elementor-col-100 elementor-top-column elementor-element elementor-element-811859d\" data-id=\"811859d\" data-element_type=\"column\" data-e-type=\"column\">\n\t\t\t<div class=\"elementor-widget-wrap elementor-element-populated\">\n\t\t\t\t\t\t<section data-particle_enable=\"false\" data-particle-mobile-disabled=\"false\" class=\"elementor-section elementor-inner-section elementor-element elementor-element-c1565d9 elementor-section-boxed elementor-section-height-default elementor-section-height-default\" data-id=\"c1565d9\" data-element_type=\"section\" data-e-type=\"section\">\n\t\t\t\t\t\t<div class=\"elementor-container elementor-column-gap-default\">\n\t\t\t\t\t<div class=\"elementor-column elementor-col-50 elementor-inner-column elementor-element elementor-element-4df086a\" data-id=\"4df086a\" data-element_type=\"column\" data-e-type=\"column\">\n\t\t\t<div class=\"elementor-widget-wrap elementor-element-populated\">\n\t\t\t\t\t\t<div class=\"elementor-element elementor-element-88dad3b elementor-widget elementor-widget-spacer\" data-id=\"88dad3b\" data-element_type=\"widget\" data-e-type=\"widget\" data-widget_type=\"spacer.default\">\n\t\t\t\t<div class=\"elementor-widget-container\">\n\t\t\t\t\t\t\t<div class=\"elementor-spacer\">\n\t\t\t<div class=\"elementor-spacer-inner\"><\/div>\n\t\t<\/div>\n\t\t\t\t\t\t<\/div>\n\t\t\t\t<\/div>\n\t\t\t\t<div class=\"elementor-element elementor-element-2d606d4 elementor-widget elementor-widget-text-editor\" data-id=\"2d606d4\" data-element_type=\"widget\" data-e-type=\"widget\" data-widget_type=\"text-editor.default\">\n\t\t\t\t<div class=\"elementor-widget-container\">\n\t\t\t\t\t\t\t\t\t<h4 data-start=\"128\" data-end=\"200\"><strong data-start=\"132\" data-end=\"198\">Shon Col\u00e1 \u2013 Guardian of Tamb\u00fa and the Soul of Cura\u00e7aoan Rhythm<\/strong><\/h4><p data-start=\"203\" data-end=\"683\">Born <strong data-start=\"208\" data-end=\"234\">Nicolaas Obispu Susana<\/strong> on December 18, 1916, in Westpunt, Cura\u00e7ao, Shon Col\u00e1 grew up surrounded by rhythm, song, and community. His father was a <em data-start=\"357\" data-end=\"375\">kantad\u00f3 di salve<\/em>\u2014a singer at traditional wakes\u2014and his mother was a tamb\u00fa singer, ensuring that music was woven into the very fabric of his upbringing. From an early age, Col\u00e1\u2019s voice carried the cadence of his island; he began singing in a church choir in Janw\u00e9, learning how deeply music could move both spirit and soul.<\/p><p data-start=\"685\" data-end=\"1147\">In 1933, at just seventeen, he made his debut as a tamb\u00fa singer with the group <em data-start=\"764\" data-end=\"783\">Sabelita di Bart\u00f3<\/em> in Hanch\u2019i Punda. His performance marked the beginning of a lifelong journey devoted to preserving and celebrating the tamb\u00fa\u2014the powerful rhythm and dance form born from the African roots of Cura\u00e7ao\u2019s people. Soon after, he formed his own group, giving voice to a generation through songs that reflected the everyday struggles, joys, and humor of his community.<\/p>\t\t\t\t\t\t\t\t<\/div>\n\t\t\t\t<\/div>\n\t\t\t\t\t<\/div>\n\t\t<\/div>\n\t\t\t\t<div class=\"elementor-column elementor-col-50 elementor-inner-column elementor-element elementor-element-b5b8947\" data-id=\"b5b8947\" data-element_type=\"column\" data-e-type=\"column\">\n\t\t\t<div class=\"elementor-widget-wrap elementor-element-populated\">\n\t\t\t\t\t\t<div class=\"elementor-element elementor-element-789ba70 elementor-widget elementor-widget-image\" data-id=\"789ba70\" data-element_type=\"widget\" data-e-type=\"widget\" data-widget_type=\"image.default\">\n\t\t\t\t<div class=\"elementor-widget-container\">\n\t\t\t\t\t\t\t\t\t\t\t\t\t\t\t<img fetchpriority=\"high\" decoding=\"async\" width=\"619\" height=\"689\" src=\"https:\/\/musicofcuracao.com\/wp-content\/uploads\/2025\/09\/Your-paragraph-text-2.png\" class=\"attachment-large size-large wp-image-818\" alt=\"\" srcset=\"https:\/\/musicofcuracao.com\/wp-content\/uploads\/2025\/09\/Your-paragraph-text-2.png 619w, https:\/\/musicofcuracao.com\/wp-content\/uploads\/2025\/09\/Your-paragraph-text-2-270x300.png 270w\" sizes=\"(max-width: 619px) 100vw, 619px\" \/>\t\t\t\t\t\t\t\t\t\t\t\t\t\t\t<\/div>\n\t\t\t\t<\/div>\n\t\t\t\t<div class=\"elementor-element elementor-element-b4b2fa3 elementor-widget elementor-widget-text-editor\" data-id=\"b4b2fa3\" data-element_type=\"widget\" data-e-type=\"widget\" data-widget_type=\"text-editor.default\">\n\t\t\t\t<div class=\"elementor-widget-container\">\n\t\t\t\t\t\t\t\t\t<p><a href=\"https:\/\/musicofcuracao.com\/wp-content\/uploads\/2025\/09\/Rene_Rosalia_CV_FULL.pdf\">Click here to download Rene Rosalia&#8217;s resume<\/a><\/p>\t\t\t\t\t\t\t\t<\/div>\n\t\t\t\t<\/div>\n\t\t\t\t\t<\/div>\n\t\t<\/div>\n\t\t\t\t\t<\/div>\n\t\t<\/section>\n\t\t\t\t<div class=\"elementor-element elementor-element-ab0f975 elementor-widget-divider--view-line elementor-widget elementor-widget-divider\" data-id=\"ab0f975\" data-element_type=\"widget\" data-e-type=\"widget\" data-widget_type=\"divider.default\">\n\t\t\t\t<div class=\"elementor-widget-container\">\n\t\t\t\t\t\t\t<div class=\"elementor-divider\">\n\t\t\t<span class=\"elementor-divider-separator\">\n\t\t\t\t\t\t<\/span>\n\t\t<\/div>\n\t\t\t\t\t\t<\/div>\n\t\t\t\t<\/div>\n\t\t\t\t\t<\/div>\n\t\t<\/div>\n\t\t\t\t\t<\/div>\n\t\t<\/section>\n\t\t\t\t<section data-particle_enable=\"false\" data-particle-mobile-disabled=\"false\" class=\"elementor-section elementor-top-section elementor-element elementor-element-3a68878 elementor-section-boxed elementor-section-height-default elementor-section-height-default\" data-id=\"3a68878\" data-element_type=\"section\" data-e-type=\"section\">\n\t\t\t\t\t\t<div class=\"elementor-container elementor-column-gap-default\">\n\t\t\t\t\t<div class=\"elementor-column elementor-col-50 elementor-top-column elementor-element elementor-element-e06d61e\" data-id=\"e06d61e\" data-element_type=\"column\" data-e-type=\"column\">\n\t\t\t<div class=\"elementor-widget-wrap elementor-element-populated\">\n\t\t\t\t\t\t<div class=\"elementor-element elementor-element-3030172 elementor-widget elementor-widget-video\" data-id=\"3030172\" data-element_type=\"widget\" data-e-type=\"widget\" data-settings=\"{&quot;youtube_url&quot;:&quot;https:\\\/\\\/youtu.be\\\/LnragLcU6f0&quot;,&quot;video_type&quot;:&quot;youtube&quot;,&quot;controls&quot;:&quot;yes&quot;}\" data-widget_type=\"video.default\">\n\t\t\t\t<div class=\"elementor-widget-container\">\n\t\t\t\t\t\t\t<div class=\"elementor-wrapper elementor-open-inline\">\n\t\t\t<div class=\"elementor-video\"><\/div>\t\t<\/div>\n\t\t\t\t\t\t<\/div>\n\t\t\t\t<\/div>\n\t\t\t\t<div class=\"elementor-element elementor-element-8e27056 elementor-widget elementor-widget-text-editor\" data-id=\"8e27056\" data-element_type=\"widget\" data-e-type=\"widget\" data-widget_type=\"text-editor.default\">\n\t\t\t\t<div class=\"elementor-widget-container\">\n\t\t\t\t\t\t\t\t\t<p>Shon Col\u00e1\u2019s music was more than entertainment; it was social commentary wrapped in melody and rhythm. His lyrics often spoke of the challenges and triumphs of Cura\u00e7aoan life, turning his performances into living archives of island history. In 1947, he recorded one of the first tamb\u00fa albums ever produced on Cura\u00e7ao, helping to bring the genre from backyards and community gatherings to a wider audience.<\/p>\t\t\t\t\t\t\t\t<\/div>\n\t\t\t\t<\/div>\n\t\t\t\t\t<\/div>\n\t\t<\/div>\n\t\t\t\t<div class=\"elementor-column elementor-col-50 elementor-top-column elementor-element elementor-element-72f522d\" data-id=\"72f522d\" data-element_type=\"column\" data-e-type=\"column\">\n\t\t\t<div class=\"elementor-widget-wrap elementor-element-populated\">\n\t\t\t\t\t\t<div class=\"elementor-element elementor-element-e3f56b8 elementor-widget elementor-widget-text-editor\" data-id=\"e3f56b8\" data-element_type=\"widget\" data-e-type=\"widget\" data-widget_type=\"text-editor.default\">\n\t\t\t\t<div class=\"elementor-widget-container\">\n\t\t\t\t\t\t\t\t\t<p class=\"p2\">Over time, his unmistakable voice and improvisational skill earned him recognition as one of Cura\u00e7ao\u2019s greatest tamb\u00fa singers\u2014a pioneer who transformed oral tradition into a cultural legacy. In 1982, Shon Col\u00e1 was awarded the <strong data-start=\"1783\" data-end=\"1804\">Cola Debrot Prize<\/strong>, the island\u2019s highest cultural honor, for his immense contribution to the preservation and development of tamb\u00fa music.<\/p>\t\t\t\t\t\t\t\t<\/div>\n\t\t\t\t<\/div>\n\t\t\t\t<div class=\"elementor-element elementor-element-3626f68 elementor-widget elementor-widget-text-editor\" data-id=\"3626f68\" data-element_type=\"widget\" data-e-type=\"widget\" data-widget_type=\"text-editor.default\">\n\t\t\t\t<div class=\"elementor-widget-container\">\n\t\t\t\t\t\t\t\t\t<p>Today, his legacy continues through the <strong data-start=\"1967\" data-end=\"1995\">Museo di Tamb\u00fa Shon Col\u00e1<\/strong>, a small but deeply meaningful museum dedicated to the rhythms, instruments, and stories of the tamb\u00fa tradition. Through its exhibits and community gatherings, Shon Col\u00e1\u2019s spirit lives on\u2014echoing in the beating of the drum, the call of the singer, and the shared memory of a people who turned rhythm into resilience.<\/p>\t\t\t\t\t\t\t\t<\/div>\n\t\t\t\t<\/div>\n\t\t\t\t\t<\/div>\n\t\t<\/div>\n\t\t\t\t\t<\/div>\n\t\t<\/section>\n\t\t\t\t<\/div>\n\t\t","protected":false},"excerpt":{"rendered":"<p>Shon Cola Shon Col\u00e1 \u2013 Guardian of Tamb\u00fa and the Soul of Cura\u00e7aoan Rhythm Born Nicolaas Obispu Susana on December 18, 1916, in Westpunt, Cura\u00e7ao, Shon Col\u00e1 grew up surrounded by rhythm, song, and community. His father was a kantad\u00f3 di salve\u2014a singer at traditional wakes\u2014and his mother was a tamb\u00fa singer, ensuring that music [&hellip;]<\/p>\n","protected":false},"author":1,"featured_media":0,"parent":0,"menu_order":0,"comment_status":"closed","ping_status":"closed","template":"elementor_header_footer","meta":{"footnotes":""},"class_list":["post-1017","page","type-page","status-publish","hentry"],"_links":{"self":[{"href":"https:\/\/musicofcuracao.com\/index.php\/wp-json\/wp\/v2\/pages\/1017","targetHints":{"allow":["GET"]}}],"collection":[{"href":"https:\/\/musicofcuracao.com\/index.php\/wp-json\/wp\/v2\/pages"}],"about":[{"href":"https:\/\/musicofcuracao.com\/index.php\/wp-json\/wp\/v2\/types\/page"}],"author":[{"embeddable":true,"href":"https:\/\/musicofcuracao.com\/index.php\/wp-json\/wp\/v2\/users\/1"}],"replies":[{"embeddable":true,"href":"https:\/\/musicofcuracao.com\/index.php\/wp-json\/wp\/v2\/comments?post=1017"}],"version-history":[{"count":4,"href":"https:\/\/musicofcuracao.com\/index.php\/wp-json\/wp\/v2\/pages\/1017\/revisions"}],"predecessor-version":[{"id":1022,"href":"https:\/\/musicofcuracao.com\/index.php\/wp-json\/wp\/v2\/pages\/1017\/revisions\/1022"}],"wp:attachment":[{"href":"https:\/\/musicofcuracao.com\/index.php\/wp-json\/wp\/v2\/media?parent=1017"}],"curies":[{"name":"wp","href":"https:\/\/api.w.org\/{rel}","templated":true}]}}